{"id":3,"date":"2025-01-24T01:50:31","date_gmt":"2025-01-24T04:50:31","guid":{"rendered":"https:\/\/ar.artereciclada.com.br\/?page_id=3"},"modified":"2025-03-20T21:11:15","modified_gmt":"2025-03-20T20:11:15","slug":"politica-de-privacidade","status":"publish","type":"page","link":"https:\/\/ar.artereciclada.com.br\/it\/politica-de-privacidade\/","title":{"rendered":"Pol\u00edtica de Privacidad"},"content":{"rendered":"<p>Tu privacidad es importante para nosotros. Es pol\u00edtica de&nbsp;<strong>Arte y Estilo<\/strong>&nbsp;respetar tu privacidad con respecto a cualquier informaci\u00f3n personal que podamos recopilar en el sitio web&nbsp;<strong>Arte y Estilo<\/strong>, as\u00ed como en otros sitios que poseemos y operamos.<\/p>\n\n\n\n<h2 class=\"wp-block-heading\">\ud83d\udccc Recopilaci\u00f3n y Uso de Informaci\u00f3n Personal<\/h2>\n\n\n\n<p>Solicitamos informaci\u00f3n personal solo cuando realmente la necesitamos para proporcionarte un servicio. Lo hacemos mediante medios justos y legales, con tu conocimiento y consentimiento. Tambi\u00e9n te informamos por qu\u00e9 recopilamos la informaci\u00f3n y c\u00f3mo ser\u00e1 utilizada.<\/p>\n\n\n\n<p>Solo retenemos la informaci\u00f3n recopilada durante el tiempo necesario para proporcionarte el servicio solicitado. Cuando almacenamos datos, los protegemos dentro de est\u00e1ndares comercialmente aceptables para evitar p\u00e9rdidas, robos, acceso no autorizado, divulgaci\u00f3n, copia, uso o modificaci\u00f3n indebidos.<\/p>\n\n\n\n<p>No compartimos informaci\u00f3n de identificaci\u00f3n personal p\u00fablicamente ni con terceros, excepto cuando sea requerido por ley.<\/p>\n\n\n\n<h2 class=\"wp-block-heading\">\ud83d\udd17 Enlaces a Sitios Externos<\/h2>\n\n\n\n<p>Nuestro sitio web puede contener enlaces a sitios externos que no son operados por nosotros. Ten en cuenta que no tenemos control sobre el contenido y las pr\u00e1cticas de esos sitios, y no podemos aceptar responsabilidad por sus respectivas&nbsp;<strong>pol\u00edticas de privacidad<\/strong>.<\/p>\n\n\n\n<p>Eres libre de rechazar nuestra solicitud de informaci\u00f3n personal, entendiendo que es posible que no podamos proporcionarte algunos de los servicios deseados.<\/p>\n\n\n\n<p>El uso continuado de nuestro sitio web se considerar\u00e1 como aceptaci\u00f3n de nuestras pr\u00e1cticas sobre privacidad y manejo de informaci\u00f3n personal. Si tienes alguna duda sobre c\u00f3mo manejamos los datos de los usuarios y la informaci\u00f3n personal,&nbsp;<strong>ponte en contacto con nosotros<\/strong>.<\/p>\n\n\n\n<h2 class=\"wp-block-heading\">\ud83c\udf6a Uso de Google AdSense y Cookies<\/h2>\n\n\n\n<p>El servicio&nbsp;<strong>Google AdSense<\/strong>, que utilizamos para mostrar publicidad, usa una&nbsp;<strong>cookie DoubleClick<\/strong>&nbsp;para ofrecerte anuncios m\u00e1s relevantes en la web y limitar la cantidad de veces que un anuncio espec\u00edfico se muestra para ti.<\/p>\n\n\n\n<p>Para m\u00e1s informaci\u00f3n sobre Google AdSense, consulta las&nbsp;<a href=\"https:\/\/policies.google.com\/technologies\/ads?hl=es\" target=\"_blank\" rel=\"noreferrer noopener\">Preguntas Frecuentes sobre privacidad de Google AdSense<\/a>.<\/p>\n\n\n\n<p>Utilizamos publicidad para compensar los costos operativos de este sitio y financiar futuros desarrollos. Las cookies de&nbsp;<strong>publicidad comportamental<\/strong>&nbsp;utilizadas en este sitio web est\u00e1n dise\u00f1adas para asegurarse de que recibas anuncios relevantes siempre que sea posible, rastreando de forma an\u00f3nima tus intereses y presentando contenido similar que pueda interesarte.<\/p>\n\n\n\n<p>Varios socios publicitan en nuestro nombre y las&nbsp;<strong>cookies de seguimiento de afiliados<\/strong>&nbsp;simplemente nos permiten verificar si los clientes accedieron al sitio a trav\u00e9s de uno de nuestros socios. Esto nos permite acreditar la comisi\u00f3n correspondiente y, cuando sea aplicable, permitir que nuestros socios afiliados ofrezcan promociones especiales para los usuarios.<\/p>\n\n\n\n<h2 class=\"wp-block-heading\">\u2696\ufe0f Compromiso del Usuario<\/h2>\n\n\n\n<p>El usuario se compromete a hacer un uso adecuado de los contenidos e informaci\u00f3n que&nbsp;<strong>Arte y Estilo<\/strong>&nbsp;ofrece en su sitio web y, a modo enunciativo pero no limitativo, se compromete a:<\/p>\n\n\n\n<ul class=\"wp-block-list\">\n<li>\ud83d\uded1\u00a0<strong>No participar<\/strong>\u00a0en actividades que sean ilegales o contrarias a la buena fe y al orden p\u00fablico.<\/li>\n\n\n\n<li>\ud83d\udeab\u00a0<strong>No difundir<\/strong>\u00a0propaganda o contenido de naturaleza racista, xenof\u00f3bica, relacionada con juegos de azar, pornograf\u00eda ilegal, apolog\u00eda del terrorismo o cualquier contenido que viole los derechos humanos.<\/li>\n\n\n\n<li>\ud83d\udcbb\u00a0<strong>No causar da\u00f1os<\/strong>\u00a0a los sistemas f\u00edsicos (hardware) y l\u00f3gicos (software) de\u00a0<strong>Arte y Estilo<\/strong>, de sus proveedores o de terceros, ni introducir o difundir virus inform\u00e1ticos u otros sistemas maliciosos que puedan causar los da\u00f1os mencionados.<\/li>\n<\/ul>\n\n\n\n<h2 class=\"wp-block-heading\">\u2139\ufe0f M\u00e1s Informaci\u00f3n<\/h2>\n\n\n\n<p>Esperamos que esta pol\u00edtica sea clara y \u00fatil. Como mencionamos anteriormente, si hay algo de lo que no est\u00e1s seguro de necesitar o no, generalmente es m\u00e1s seguro dejar las&nbsp;<strong>cookies activadas<\/strong>&nbsp;en caso de que interact\u00faes con alguna de las funciones de nuestro sitio web.<\/p>\n\n\n\n<p><strong>\ud83d\udcc5 Esta pol\u00edtica es efectiva a partir del 20 de marzo de 2025, a las 19:59.<\/strong><\/p>\n\n\n\n<h2 class=\"wp-block-heading\">\ud83d\udce9 Contacto<\/h2>\n\n\n\n<p>Si tienes preguntas o necesitas m\u00e1s informaci\u00f3n, no dudes en contactarnos:<\/p>\n\n\n\n<ul class=\"wp-block-list\">\n<li><strong>Email:<\/strong>\u00a0<a href=\"mailto:contato@artereciclada.com.br\">contato@artereciclada.com.br<\/a><\/li>\n\n\n\n<li><strong>Sitio web:<\/strong>\u00a0<a href=\"https:\/\/ar.artereciclada.com.br\/it\/\">https:\/\/ar.artereciclada.com.br<\/a><\/li>\n<\/ul>\n\n\n\n<p><\/p>","protected":false},"excerpt":{"rendered":"<p>Tu privacidad es importante para nosotros. Es pol\u00edtica de&nbsp;Arte y Estilo&nbsp;respetar tu privacidad con respecto a cualquier informaci\u00f3n personal que podamos recopilar en el sitio web&nbsp;Arte y Estilo, as\u00ed como en otros sitios que poseemos y operamos. \ud83d\udccc Recopilaci\u00f3n y Uso de Informaci\u00f3n Personal Solicitamos informaci\u00f3n personal solo cuando realmente la necesitamos para proporcionarte un [&hellip;]<\/p>","protected":false},"author":1,"featured_media":61,"parent":0,"menu_order":0,"comment_status":"closed","ping_status":"open","template":"","meta":{"footnotes":""},"class_list":["post-3","page","type-page","status-publish","has-post-thumbnail","hentry"],"blocksy_meta":[],"_links":{"self":[{"href":"https:\/\/ar.artereciclada.com.br\/it\/wp-json\/wp\/v2\/pages\/3","targetHints":{"allow":["GET"]}}],"collection":[{"href":"https:\/\/ar.artereciclada.com.br\/it\/wp-json\/wp\/v2\/pages"}],"about":[{"href":"https:\/\/ar.artereciclada.com.br\/it\/wp-json\/wp\/v2\/types\/page"}],"author":[{"embeddable":true,"href":"https:\/\/ar.artereciclada.com.br\/it\/wp-json\/wp\/v2\/users\/1"}],"replies":[{"embeddable":true,"href":"https:\/\/ar.artereciclada.com.br\/it\/wp-json\/wp\/v2\/comments?post=3"}],"version-history":[{"count":2,"href":"https:\/\/ar.artereciclada.com.br\/it\/wp-json\/wp\/v2\/pages\/3\/revisions"}],"predecessor-version":[{"id":198,"href":"https:\/\/ar.artereciclada.com.br\/it\/wp-json\/wp\/v2\/pages\/3\/revisions\/198"}],"wp:featuredmedia":[{"embeddable":true,"href":"https:\/\/ar.artereciclada.com.br\/it\/wp-json\/wp\/v2\/media\/61"}],"wp:attachment":[{"href":"https:\/\/ar.artereciclada.com.br\/it\/wp-json\/wp\/v2\/media?parent=3"}],"curies":[{"name":"wp","href":"https:\/\/api.w.org\/{rel}","templated":true}]}}