{"id":28,"date":"2025-01-31T07:59:31","date_gmt":"2025-01-31T13:59:31","guid":{"rendered":"https:\/\/ar.artereciclada.com.br\/?page_id=28"},"modified":"2025-03-20T21:47:40","modified_gmt":"2025-03-20T20:47:40","slug":"contact-us","status":"publish","type":"page","link":"https:\/\/ar.artereciclada.com.br\/de\/contact-us\/","title":{"rendered":"Cont\u00e1ctanos"},"content":{"rendered":"<p>\u00bfTienes preguntas, sugerencias o necesitas asistencia? En <strong>Arte y Estilo<\/strong>, estamos aqu\u00ed para ayudarte. Nos encanta escuchar a nuestra comunidad y brindarte la mejor experiencia en moda y belleza.<\/p>\n\n\n\n<h2 class=\"wp-block-heading\"><strong>\ud83d\udce7 Correo Electr\u00f3nico<\/strong><\/h2>\n\n\n\n<p>Para consultas, colaboraciones o cualquier otra inquietud, puedes escribirnos a:<br>\u2709\ufe0f <strong>Email:<\/strong> <a href=\"mailto:contato@artereciclada.com.br\" data-type=\"mailto\" data-id=\"mailto:contato@artereciclada.com.br\">contato@artereciclada.com.br<\/a><\/p>\n\n\n\n<h2 class=\"wp-block-heading\"><strong>\ud83d\udd52 Horario de Atenci\u00f3n<\/strong><\/h2>\n\n\n\n<p>Estamos disponibles para atenderte de <strong>lunes a viernes, de 8:00 AM a 5:00 PM<\/strong>. Nos esforzamos por responder a todas las consultas lo m\u00e1s r\u00e1pido posible.<\/p>\n\n\n\n<h2 class=\"wp-block-heading\"><strong>\ud83d\udce9 Env\u00edanos tu Mensaje<\/strong><\/h2>\n\n\n\n<p>Si tienes alguna pregunta o comentario, no dudes en ponerte en contacto con nosotros. Tu opini\u00f3n es valiosa y nos ayuda a mejorar.<\/p>\n\n\n\n<p>\ud83d\udcac <strong>Sugerencias y comentarios<\/strong> \u2192 Cu\u00e9ntanos qu\u00e9 te gustar\u00eda ver en nuestro blog.<br>\ud83e\udd1d <strong>Colaboraciones<\/strong> \u2192 \u00bfEres creadora de contenido o profesional del mundo de la moda y belleza? \u00a1Nos encantar\u00eda trabajar contigo!<br>\u2753 <strong>Dudas sobre nuestro contenido<\/strong> \u2192 Si necesitas m\u00e1s informaci\u00f3n sobre alg\u00fan tema, estamos aqu\u00ed para ayudarte.<\/p>\n\n\n\n<p>Explora m\u00e1s sobre nosotras en <strong><a href=\"https:\/\/ar.artereciclada.com.br\/de\/\">Arte y Estilo<\/a><\/strong> y sigue descubriendo consejos, tendencias y estilo para mujeres que buscan elegancia con autenticidad.<\/p>\n\n\n\n<p><\/p>","protected":false},"excerpt":{"rendered":"<p>\u00bfTienes preguntas, sugerencias o necesitas asistencia? En Arte y Estilo, estamos aqu\u00ed para ayudarte. Nos encanta escuchar a nuestra comunidad y brindarte la mejor experiencia en moda y belleza. \ud83d\udce7 Correo Electr\u00f3nico Para consultas, colaboraciones o cualquier otra inquietud, puedes escribirnos a:\u2709\ufe0f Email: contato@artereciclada.com.br \ud83d\udd52 Horario de Atenci\u00f3n Estamos disponibles para atenderte de lunes a [&hellip;]<\/p>","protected":false},"author":1,"featured_media":61,"parent":0,"menu_order":0,"comment_status":"closed","ping_status":"closed","template":"","meta":{"footnotes":""},"class_list":["post-28","page","type-page","status-publish","has-post-thumbnail","hentry"],"blocksy_meta":[],"_links":{"self":[{"href":"https:\/\/ar.artereciclada.com.br\/de\/wp-json\/wp\/v2\/pages\/28","targetHints":{"allow":["GET"]}}],"collection":[{"href":"https:\/\/ar.artereciclada.com.br\/de\/wp-json\/wp\/v2\/pages"}],"about":[{"href":"https:\/\/ar.artereciclada.com.br\/de\/wp-json\/wp\/v2\/types\/page"}],"author":[{"embeddable":true,"href":"https:\/\/ar.artereciclada.com.br\/de\/wp-json\/wp\/v2\/users\/1"}],"replies":[{"embeddable":true,"href":"https:\/\/ar.artereciclada.com.br\/de\/wp-json\/wp\/v2\/comments?post=28"}],"version-history":[{"count":2,"href":"https:\/\/ar.artereciclada.com.br\/de\/wp-json\/wp\/v2\/pages\/28\/revisions"}],"predecessor-version":[{"id":194,"href":"https:\/\/ar.artereciclada.com.br\/de\/wp-json\/wp\/v2\/pages\/28\/revisions\/194"}],"wp:featuredmedia":[{"embeddable":true,"href":"https:\/\/ar.artereciclada.com.br\/de\/wp-json\/wp\/v2\/media\/61"}],"wp:attachment":[{"href":"https:\/\/ar.artereciclada.com.br\/de\/wp-json\/wp\/v2\/media?parent=28"}],"curies":[{"name":"wp","href":"https:\/\/api.w.org\/{rel}","templated":true}]}}